{"id":12608,"date":"2022-03-15T15:42:04","date_gmt":"2022-03-15T12:42:04","guid":{"rendered":"https:\/\/turizoom.com\/our-instructors\/"},"modified":"2022-06-23T09:45:26","modified_gmt":"2022-06-23T06:45:26","slug":"our-instructors","status":"publish","type":"page","link":"https:\/\/turizoom.com\/en\/our-instructors\/","title":{"rendered":"Our Instructors"},"content":{"rendered":"\t\t<div data-elementor-type=\"wp-page\" data-elementor-id=\"12608\" class=\"elementor elementor-12608\">\n\t\t\t\t\t\t<section class=\"wd-negative-gap elementor-section elementor-top-section elementor-element elementor-element-6bfbc8a elementor-section-boxed elementor-section-height-default elementor-section-height-default\" data-id=\"6bfbc8a\" data-element_type=\"section\">\n\t\t\t\t\t\t<div class=\"elementor-container elementor-column-gap-wide\">\n\t\t\t\t\t<div class=\"elementor-column elementor-col-25 elementor-top-column elementor-element elementor-element-ea30a61\" data-id=\"ea30a61\" data-element_type=\"column\">\n\t\t\t<div class=\"elementor-widget-wrap elementor-element-populated\">\n\t\t\t\t\t\t<div data-ep-wrapper-link=\"{&quot;url&quot;:&quot;https:\\\/\\\/turizoom.com\\\/en\\\/our-instructors\\\/selcuk-kuttas\\\/&quot;,&quot;is_external&quot;:&quot;&quot;,&quot;nofollow&quot;:&quot;&quot;,&quot;custom_attributes&quot;:&quot;&quot;}\" style=\"cursor: pointer\" class=\"bdt-element-link elementor-element elementor-element-ea987bc elementor-widget elementor-widget-bdt-member\" data-id=\"ea987bc\" data-element_type=\"widget\" data-settings=\"{&quot;ep_notation_active&quot;:&quot;yes&quot;,&quot;ep_notation_list&quot;:[{&quot;_id&quot;:&quot;480d554&quot;,&quot;ep_notation_type&quot;:&quot;bracket&quot;,&quot;ep_notation_bracket_on&quot;:&quot;left,right&quot;,&quot;ep_notation_color&quot;:&quot;#23408F&quot;,&quot;ep_notation_select_type&quot;:&quot;widget&quot;,&quot;ep_notation_custom_selector&quot;:null,&quot;ep_notation_anim_duration&quot;:{&quot;unit&quot;:&quot;px&quot;,&quot;size&quot;:800,&quot;sizes&quot;:[]},&quot;ep_notation_stroke_width&quot;:{&quot;unit&quot;:&quot;px&quot;,&quot;size&quot;:1,&quot;sizes&quot;:[]}}],&quot;ep_sound_effects_active&quot;:&quot;yes&quot;,&quot;ep_sound_effects_event&quot;:&quot;hover&quot;,&quot;ep_sound_effects_source&quot;:&quot;button-click&quot;,&quot;ep_sound_effects_select_type&quot;:&quot;widget&quot;,&quot;ep_sound_effects_source_local_link&quot;:&quot;https:\\\/\\\/turizoom.com\\\/wp-content\\\/plugins\\\/bdthemes-element-pack\\\/assets\\\/sounds\\\/&quot;}\" data-widget_type=\"bdt-member.default\">\n\t\t\t\t<div class=\"elementor-widget-container\">\n\t\t\t\n\n        <div class=\"bdt-member bdt-member-skin-default bdt-transition-toggle\">\n            \n                <div class=\"bdt-member-photo-wrapper bdt-image-mask\">\n\n                    \n                        <div class=\"bdt-member-photo\">\n                            <div class=\"\">\n                                <img decoding=\"async\" src=\"https:\/\/turizoom.com\/wp-content\/uploads\/2022\/03\/selcuk-kuttas-turizoom.png\" title=\"selcuk-kuttas-turizoom\" alt=\"selcuk-kuttas-turizoom\" loading=\"lazy\" \/>                            <\/div>\n                        <\/div>\n\n                        \n                <\/div>\n            \n            <div class=\"bdt-member-description\">\n                                    <span class=\"bdt-member-name\">Sel\u00e7uk KUTTA\u015e<\/span>\n                                                    <span class=\"bdt-member-role\">Food and Beverage Trainings<\/span>\n                                            <\/div>\n\n                            <div class=\"bdt-member-icons\">\n                    \n                        \n                        <a href=\"mailto:selcuk.kuttas@turizoom.com\"\n                           class=\"bdt-member-icon elementor-repeater-item-c4a5dc9\"\n                           target=\"_blank\" data-bdt-tooltip=\"E-Posta\">\n\n                            <i aria-hidden=\"true\" class=\"fa-fw far fa-envelope\"><\/i>\n                        <\/a>\n\n                                    <\/div>\n            \n        <\/div>\n        \t\t<\/div>\n\t\t\t\t<\/div>\n\t\t\t\t\t<\/div>\n\t\t<\/div>\n\t\t\t\t<div class=\"elementor-column elementor-col-25 elementor-top-column elementor-element elementor-element-f512d02\" data-id=\"f512d02\" data-element_type=\"column\">\n\t\t\t<div class=\"elementor-widget-wrap elementor-element-populated\">\n\t\t\t\t\t\t<div data-ep-wrapper-link=\"{&quot;url&quot;:&quot;https:\\\/\\\/turizoom.com\\\/en\\\/our-instructors\\\/gungor-yalavac\\\/&quot;,&quot;is_external&quot;:&quot;&quot;,&quot;nofollow&quot;:&quot;&quot;,&quot;custom_attributes&quot;:&quot;&quot;}\" style=\"cursor: pointer\" class=\"bdt-element-link elementor-element elementor-element-9264be2 elementor-widget elementor-widget-bdt-member\" data-id=\"9264be2\" data-element_type=\"widget\" data-settings=\"{&quot;ep_notation_active&quot;:&quot;yes&quot;,&quot;ep_notation_list&quot;:[{&quot;_id&quot;:&quot;480d554&quot;,&quot;ep_notation_type&quot;:&quot;bracket&quot;,&quot;ep_notation_bracket_on&quot;:&quot;left,right&quot;,&quot;ep_notation_color&quot;:&quot;#23408F&quot;,&quot;ep_notation_select_type&quot;:&quot;widget&quot;,&quot;ep_notation_custom_selector&quot;:null,&quot;ep_notation_anim_duration&quot;:{&quot;unit&quot;:&quot;px&quot;,&quot;size&quot;:800,&quot;sizes&quot;:[]},&quot;ep_notation_stroke_width&quot;:{&quot;unit&quot;:&quot;px&quot;,&quot;size&quot;:1,&quot;sizes&quot;:[]}}],&quot;ep_sound_effects_active&quot;:&quot;yes&quot;,&quot;ep_sound_effects_event&quot;:&quot;hover&quot;,&quot;ep_sound_effects_source&quot;:&quot;button-click&quot;,&quot;ep_sound_effects_select_type&quot;:&quot;widget&quot;,&quot;ep_sound_effects_source_local_link&quot;:&quot;https:\\\/\\\/turizoom.com\\\/wp-content\\\/plugins\\\/bdthemes-element-pack\\\/assets\\\/sounds\\\/&quot;}\" data-widget_type=\"bdt-member.default\">\n\t\t\t\t<div class=\"elementor-widget-container\">\n\t\t\t\n\n        <div class=\"bdt-member bdt-member-skin-default bdt-transition-toggle\">\n            \n                <div class=\"bdt-member-photo-wrapper bdt-image-mask\">\n\n                    \n                        <div class=\"bdt-member-photo\">\n                            <div class=\"\">\n                                <img decoding=\"async\" src=\"https:\/\/turizoom.com\/wp-content\/uploads\/2022\/03\/gungor-yalavac-turizoom.jpg\" title=\"gungor-yalavac-turizoom\" alt=\"gungor-yalavac-turizoom\" loading=\"lazy\" \/>                            <\/div>\n                        <\/div>\n\n                        \n                <\/div>\n            \n            <div class=\"bdt-member-description\">\n                                    <span class=\"bdt-member-name\">G\u00fcng\u00f6r YALAVA\u00c7<\/span>\n                                                    <span class=\"bdt-member-role\">Technical Department Installation and Training<\/span>\n                                            <\/div>\n\n                            <div class=\"bdt-member-icons\">\n                    \n                        \n                        <a href=\"mailto:gungor.yalavac@turizoom.com\"\n                           class=\"bdt-member-icon elementor-repeater-item-c4a5dc9\"\n                           target=\"_blank\" data-bdt-tooltip=\"E-Posta\">\n\n                            <i aria-hidden=\"true\" class=\"fa-fw far fa-envelope\"><\/i>\n                        <\/a>\n\n                                    <\/div>\n            \n        <\/div>\n        \t\t<\/div>\n\t\t\t\t<\/div>\n\t\t\t\t\t<\/div>\n\t\t<\/div>\n\t\t\t\t<div class=\"elementor-column elementor-col-25 elementor-top-column elementor-element elementor-element-ccf3a90\" data-id=\"ccf3a90\" data-element_type=\"column\">\n\t\t\t<div class=\"elementor-widget-wrap elementor-element-populated\">\n\t\t\t\t\t\t<div data-ep-wrapper-link=\"{&quot;url&quot;:&quot;https:\\\/\\\/turizoom.com\\\/en\\\/our-instructors\\\/kutay-barlas\\\/&quot;,&quot;is_external&quot;:&quot;&quot;,&quot;nofollow&quot;:&quot;&quot;,&quot;custom_attributes&quot;:&quot;&quot;}\" style=\"cursor: pointer\" class=\"bdt-element-link elementor-element elementor-element-2eb4e8c elementor-widget elementor-widget-bdt-member\" data-id=\"2eb4e8c\" data-element_type=\"widget\" data-settings=\"{&quot;ep_notation_active&quot;:&quot;yes&quot;,&quot;ep_notation_list&quot;:[{&quot;_id&quot;:&quot;480d554&quot;,&quot;ep_notation_type&quot;:&quot;bracket&quot;,&quot;ep_notation_bracket_on&quot;:&quot;left,right&quot;,&quot;ep_notation_color&quot;:&quot;#23408F&quot;,&quot;ep_notation_select_type&quot;:&quot;widget&quot;,&quot;ep_notation_custom_selector&quot;:null,&quot;ep_notation_anim_duration&quot;:{&quot;unit&quot;:&quot;px&quot;,&quot;size&quot;:800,&quot;sizes&quot;:[]},&quot;ep_notation_stroke_width&quot;:{&quot;unit&quot;:&quot;px&quot;,&quot;size&quot;:1,&quot;sizes&quot;:[]}}],&quot;ep_sound_effects_active&quot;:&quot;yes&quot;,&quot;ep_sound_effects_event&quot;:&quot;hover&quot;,&quot;ep_sound_effects_source&quot;:&quot;button-click&quot;,&quot;ep_sound_effects_select_type&quot;:&quot;widget&quot;,&quot;ep_sound_effects_source_local_link&quot;:&quot;https:\\\/\\\/turizoom.com\\\/wp-content\\\/plugins\\\/bdthemes-element-pack\\\/assets\\\/sounds\\\/&quot;}\" data-widget_type=\"bdt-member.default\">\n\t\t\t\t<div class=\"elementor-widget-container\">\n\t\t\t\n\n        <div class=\"bdt-member bdt-member-skin-default bdt-transition-toggle\">\n            \n                <div class=\"bdt-member-photo-wrapper bdt-image-mask\">\n\n                    \n                        <div class=\"bdt-member-photo\">\n                            <div class=\"\">\n                                <img decoding=\"async\" src=\"https:\/\/turizoom.com\/wp-content\/uploads\/2022\/03\/turizoom-kutay-barlas-profil.png\" title=\"turizoom-kutay-barlas-profil\" alt=\"turizoom-kutay-barlas-profil\" loading=\"lazy\" \/>                            <\/div>\n                        <\/div>\n\n                        \n                <\/div>\n            \n            <div class=\"bdt-member-description\">\n                                    <span class=\"bdt-member-name\">Kutay BARLAS<\/span>\n                                                    <span class=\"bdt-member-role\">Information Technologies Installation and Training<\/span>\n                                            <\/div>\n\n                            <div class=\"bdt-member-icons\">\n                    \n                        \n                        <a href=\"mailto:kutay.barlas@turizoom.com\"\n                           class=\"bdt-member-icon elementor-repeater-item-c4a5dc9\"\n                           target=\"_blank\" data-bdt-tooltip=\"E-Posta\">\n\n                            <i aria-hidden=\"true\" class=\"fa-fw far fa-envelope\"><\/i>\n                        <\/a>\n\n                                    <\/div>\n            \n        <\/div>\n        \t\t<\/div>\n\t\t\t\t<\/div>\n\t\t\t\t\t<\/div>\n\t\t<\/div>\n\t\t\t\t<div class=\"elementor-column elementor-col-25 elementor-top-column elementor-element elementor-element-73f24c1\" data-id=\"73f24c1\" data-element_type=\"column\">\n\t\t\t<div class=\"elementor-widget-wrap elementor-element-populated\">\n\t\t\t\t\t\t<div data-ep-wrapper-link=\"{&quot;url&quot;:&quot;https:\\\/\\\/turizoom.com\\\/en\\\/our-instructors\\\/metin-peltek\\\/&quot;,&quot;is_external&quot;:&quot;&quot;,&quot;nofollow&quot;:&quot;&quot;,&quot;custom_attributes&quot;:&quot;&quot;}\" style=\"cursor: pointer\" class=\"bdt-element-link elementor-element elementor-element-d02a728 elementor-widget elementor-widget-bdt-member\" data-id=\"d02a728\" data-element_type=\"widget\" data-settings=\"{&quot;ep_notation_active&quot;:&quot;yes&quot;,&quot;ep_notation_list&quot;:[{&quot;_id&quot;:&quot;480d554&quot;,&quot;ep_notation_type&quot;:&quot;bracket&quot;,&quot;ep_notation_bracket_on&quot;:&quot;left,right&quot;,&quot;ep_notation_color&quot;:&quot;#23408F&quot;,&quot;ep_notation_select_type&quot;:&quot;widget&quot;,&quot;ep_notation_custom_selector&quot;:null,&quot;ep_notation_anim_duration&quot;:{&quot;unit&quot;:&quot;px&quot;,&quot;size&quot;:800,&quot;sizes&quot;:[]},&quot;ep_notation_stroke_width&quot;:{&quot;unit&quot;:&quot;px&quot;,&quot;size&quot;:1,&quot;sizes&quot;:[]}}],&quot;ep_sound_effects_active&quot;:&quot;yes&quot;,&quot;ep_sound_effects_event&quot;:&quot;hover&quot;,&quot;ep_sound_effects_source&quot;:&quot;button-click&quot;,&quot;ep_sound_effects_select_type&quot;:&quot;widget&quot;,&quot;ep_sound_effects_source_local_link&quot;:&quot;https:\\\/\\\/turizoom.com\\\/wp-content\\\/plugins\\\/bdthemes-element-pack\\\/assets\\\/sounds\\\/&quot;}\" data-widget_type=\"bdt-member.default\">\n\t\t\t\t<div class=\"elementor-widget-container\">\n\t\t\t\n\n        <div class=\"bdt-member bdt-member-skin-default bdt-transition-toggle\">\n            \n                <div class=\"bdt-member-photo-wrapper bdt-image-mask\">\n\n                    \n                        <div class=\"bdt-member-photo\">\n                            <div class=\"\">\n                                <img decoding=\"async\" src=\"https:\/\/turizoom.com\/wp-content\/uploads\/2022\/03\/metin-peltek-turizoom.jpg\" title=\"metin-peltek-turizoom\" alt=\"metin-peltek-turizoom\" loading=\"lazy\" \/>                            <\/div>\n                        <\/div>\n\n                        \n                <\/div>\n            \n            <div class=\"bdt-member-description\">\n                                    <span class=\"bdt-member-name\">Metin PELTEK<\/span>\n                                                    <span class=\"bdt-member-role\">Front Office Trainings<\/span>\n                                            <\/div>\n\n                            <div class=\"bdt-member-icons\">\n                    \n                        \n                        <a href=\"mailto:metin.peltek@turizoom.com\"\n                           class=\"bdt-member-icon elementor-repeater-item-c4a5dc9\"\n                           target=\"_blank\" data-bdt-tooltip=\"E-Posta\">\n\n                            <i aria-hidden=\"true\" class=\"fa-fw far fa-envelope\"><\/i>\n                        <\/a>\n\n                                    <\/div>\n            \n        <\/div>\n        \t\t<\/div>\n\t\t\t\t<\/div>\n\t\t\t\t\t<\/div>\n\t\t<\/div>\n\t\t\t\t\t<\/div>\n\t\t<\/section>\n\t\t\t\t<section class=\"wd-negative-gap elementor-section elementor-top-section elementor-element elementor-element-be37f1d elementor-section-boxed elementor-section-height-default elementor-section-height-default\" data-id=\"be37f1d\" data-element_type=\"section\">\n\t\t\t\t\t\t<div class=\"elementor-container elementor-column-gap-wide\">\n\t\t\t\t\t<div class=\"elementor-column elementor-col-25 elementor-top-column elementor-element elementor-element-ea7ecd3\" data-id=\"ea7ecd3\" data-element_type=\"column\">\n\t\t\t<div class=\"elementor-widget-wrap elementor-element-populated\">\n\t\t\t\t\t\t<div data-ep-wrapper-link=\"{&quot;url&quot;:&quot;https:\\\/\\\/turizoom.com\\\/en\\\/our-instructors\\\/saruhan-ince\\\/&quot;,&quot;is_external&quot;:&quot;&quot;,&quot;nofollow&quot;:&quot;&quot;,&quot;custom_attributes&quot;:&quot;&quot;}\" style=\"cursor: pointer\" class=\"bdt-element-link elementor-element elementor-element-52be173 elementor-widget elementor-widget-bdt-member\" data-id=\"52be173\" data-element_type=\"widget\" data-settings=\"{&quot;ep_notation_active&quot;:&quot;yes&quot;,&quot;ep_notation_list&quot;:[{&quot;_id&quot;:&quot;480d554&quot;,&quot;ep_notation_type&quot;:&quot;bracket&quot;,&quot;ep_notation_bracket_on&quot;:&quot;left,right&quot;,&quot;ep_notation_color&quot;:&quot;#23408F&quot;,&quot;ep_notation_select_type&quot;:&quot;widget&quot;,&quot;ep_notation_custom_selector&quot;:null,&quot;ep_notation_anim_duration&quot;:{&quot;unit&quot;:&quot;px&quot;,&quot;size&quot;:800,&quot;sizes&quot;:[]},&quot;ep_notation_stroke_width&quot;:{&quot;unit&quot;:&quot;px&quot;,&quot;size&quot;:1,&quot;sizes&quot;:[]}}],&quot;ep_sound_effects_active&quot;:&quot;yes&quot;,&quot;ep_sound_effects_event&quot;:&quot;hover&quot;,&quot;ep_sound_effects_source&quot;:&quot;button-click&quot;,&quot;ep_sound_effects_select_type&quot;:&quot;widget&quot;,&quot;ep_sound_effects_source_local_link&quot;:&quot;https:\\\/\\\/turizoom.com\\\/wp-content\\\/plugins\\\/bdthemes-element-pack\\\/assets\\\/sounds\\\/&quot;}\" data-widget_type=\"bdt-member.default\">\n\t\t\t\t<div class=\"elementor-widget-container\">\n\t\t\t\n\n        <div class=\"bdt-member bdt-member-skin-default bdt-transition-toggle\">\n            \n                <div class=\"bdt-member-photo-wrapper bdt-image-mask\">\n\n                    \n                        <div class=\"bdt-member-photo\">\n                            <div class=\"\">\n                                <img decoding=\"async\" src=\"https:\/\/turizoom.com\/wp-content\/uploads\/2022\/03\/turizoom-saruhan-ince-profil.png\" title=\"turizoom-saruhan-ince-profil\" alt=\"turizoom-saruhan-ince-profil\" loading=\"lazy\" \/>                            <\/div>\n                        <\/div>\n\n                        \n                <\/div>\n            \n            <div class=\"bdt-member-description\">\n                                    <span class=\"bdt-member-name\">Saruhan \u0130NCE<\/span>\n                                                    <span class=\"bdt-member-role\">Financial Management and Cost Analysis<\/span>\n                                            <\/div>\n\n                            <div class=\"bdt-member-icons\">\n                    \n                        \n                        <a href=\"mailto:saruhan.ince@turizoom.com\"\n                           class=\"bdt-member-icon elementor-repeater-item-c4a5dc9\"\n                           target=\"_blank\" data-bdt-tooltip=\"E-Posta\">\n\n                            <i aria-hidden=\"true\" class=\"fa-fw far fa-envelope\"><\/i>\n                        <\/a>\n\n                                    <\/div>\n            \n        <\/div>\n        \t\t<\/div>\n\t\t\t\t<\/div>\n\t\t\t\t\t<\/div>\n\t\t<\/div>\n\t\t\t\t<div class=\"elementor-column elementor-col-25 elementor-top-column elementor-element elementor-element-84ffb0f\" data-id=\"84ffb0f\" data-element_type=\"column\">\n\t\t\t<div class=\"elementor-widget-wrap elementor-element-populated\">\n\t\t\t\t\t\t<div data-ep-wrapper-link=\"{&quot;url&quot;:&quot;https:\\\/\\\/turizoom.com\\\/en\\\/our-instructors\\\/selma-yildirim\\\/&quot;,&quot;is_external&quot;:&quot;&quot;,&quot;nofollow&quot;:&quot;&quot;,&quot;custom_attributes&quot;:&quot;&quot;}\" style=\"cursor: pointer\" class=\"bdt-element-link elementor-element elementor-element-32145dd elementor-widget elementor-widget-bdt-member\" data-id=\"32145dd\" data-element_type=\"widget\" data-settings=\"{&quot;ep_notation_active&quot;:&quot;yes&quot;,&quot;ep_notation_list&quot;:[{&quot;_id&quot;:&quot;480d554&quot;,&quot;ep_notation_type&quot;:&quot;bracket&quot;,&quot;ep_notation_bracket_on&quot;:&quot;left,right&quot;,&quot;ep_notation_color&quot;:&quot;#23408F&quot;,&quot;ep_notation_select_type&quot;:&quot;widget&quot;,&quot;ep_notation_custom_selector&quot;:null,&quot;ep_notation_anim_duration&quot;:{&quot;unit&quot;:&quot;px&quot;,&quot;size&quot;:800,&quot;sizes&quot;:[]},&quot;ep_notation_stroke_width&quot;:{&quot;unit&quot;:&quot;px&quot;,&quot;size&quot;:1,&quot;sizes&quot;:[]}}],&quot;ep_sound_effects_active&quot;:&quot;yes&quot;,&quot;ep_sound_effects_event&quot;:&quot;hover&quot;,&quot;ep_sound_effects_source&quot;:&quot;button-click&quot;,&quot;ep_sound_effects_select_type&quot;:&quot;widget&quot;,&quot;ep_sound_effects_source_local_link&quot;:&quot;https:\\\/\\\/turizoom.com\\\/wp-content\\\/plugins\\\/bdthemes-element-pack\\\/assets\\\/sounds\\\/&quot;}\" data-widget_type=\"bdt-member.default\">\n\t\t\t\t<div class=\"elementor-widget-container\">\n\t\t\t\n\n        <div class=\"bdt-member bdt-member-skin-default bdt-transition-toggle\">\n            \n                <div class=\"bdt-member-photo-wrapper bdt-image-mask\">\n\n                    \n                        <div class=\"bdt-member-photo\">\n                            <div class=\"\">\n                                <img decoding=\"async\" src=\"https:\/\/turizoom.com\/wp-content\/uploads\/2022\/03\/selma-yildirim-turizoom.jpg\" title=\"selma-yildirim-turizoom\" alt=\"selma-yildirim-turizoom\" loading=\"lazy\" \/>                            <\/div>\n                        <\/div>\n\n                        \n                <\/div>\n            \n            <div class=\"bdt-member-description\">\n                                    <span class=\"bdt-member-name\">Selma YILDIRIM<\/span>\n                                                    <span class=\"bdt-member-role\">SPA Projects and Trainings<\/span>\n                                            <\/div>\n\n                            <div class=\"bdt-member-icons\">\n                    \n                        \n                        <a href=\"mailto:selma.yildirim@turizoom.com%20\"\n                           class=\"bdt-member-icon elementor-repeater-item-c4a5dc9\"\n                           target=\"_blank\" data-bdt-tooltip=\"E-Posta\">\n\n                            <i aria-hidden=\"true\" class=\"fa-fw far fa-envelope\"><\/i>\n                        <\/a>\n\n                                    <\/div>\n            \n        <\/div>\n        \t\t<\/div>\n\t\t\t\t<\/div>\n\t\t\t\t\t<\/div>\n\t\t<\/div>\n\t\t\t\t<div class=\"elementor-column elementor-col-25 elementor-top-column elementor-element elementor-element-a9b805e\" data-id=\"a9b805e\" data-element_type=\"column\">\n\t\t\t<div class=\"elementor-widget-wrap elementor-element-populated\">\n\t\t\t\t\t\t<div data-ep-wrapper-link=\"{&quot;url&quot;:&quot;https:\\\/\\\/turizoom.com\\\/en\\\/our-instructors\\\/sinan-karabulut\\\/&quot;,&quot;is_external&quot;:&quot;&quot;,&quot;nofollow&quot;:&quot;&quot;,&quot;custom_attributes&quot;:&quot;&quot;}\" style=\"cursor: pointer\" class=\"bdt-element-link elementor-element elementor-element-daadfe9 elementor-widget elementor-widget-bdt-member\" data-id=\"daadfe9\" data-element_type=\"widget\" data-settings=\"{&quot;ep_notation_active&quot;:&quot;yes&quot;,&quot;ep_notation_list&quot;:[{&quot;_id&quot;:&quot;480d554&quot;,&quot;ep_notation_type&quot;:&quot;bracket&quot;,&quot;ep_notation_bracket_on&quot;:&quot;left,right&quot;,&quot;ep_notation_color&quot;:&quot;#23408F&quot;,&quot;ep_notation_select_type&quot;:&quot;widget&quot;,&quot;ep_notation_custom_selector&quot;:null,&quot;ep_notation_anim_duration&quot;:{&quot;unit&quot;:&quot;px&quot;,&quot;size&quot;:800,&quot;sizes&quot;:[]},&quot;ep_notation_stroke_width&quot;:{&quot;unit&quot;:&quot;px&quot;,&quot;size&quot;:1,&quot;sizes&quot;:[]}}],&quot;ep_sound_effects_active&quot;:&quot;yes&quot;,&quot;ep_sound_effects_event&quot;:&quot;hover&quot;,&quot;ep_sound_effects_source&quot;:&quot;button-click&quot;,&quot;ep_sound_effects_select_type&quot;:&quot;widget&quot;,&quot;ep_sound_effects_source_local_link&quot;:&quot;https:\\\/\\\/turizoom.com\\\/wp-content\\\/plugins\\\/bdthemes-element-pack\\\/assets\\\/sounds\\\/&quot;}\" data-widget_type=\"bdt-member.default\">\n\t\t\t\t<div class=\"elementor-widget-container\">\n\t\t\t\n\n        <div class=\"bdt-member bdt-member-skin-default bdt-transition-toggle\">\n            \n                <div class=\"bdt-member-photo-wrapper bdt-image-mask\">\n\n                    \n                        <div class=\"bdt-member-photo\">\n                            <div class=\"\">\n                                <img decoding=\"async\" src=\"https:\/\/turizoom.com\/wp-content\/uploads\/2022\/03\/sinan-karabulut-turizoom.jpg\" title=\"sinan-karabulut-turizoom\" alt=\"sinan-karabulut-turizoom\" loading=\"lazy\" \/>                            <\/div>\n                        <\/div>\n\n                        \n                <\/div>\n            \n            <div class=\"bdt-member-description\">\n                                    <span class=\"bdt-member-name\">Sinan KARABULUT<\/span>\n                                                    <span class=\"bdt-member-role\">Culinary Trainings<\/span>\n                                            <\/div>\n\n                            <div class=\"bdt-member-icons\">\n                    \n                        \n                        <a href=\"mailto:sinan.karabulut@turizoom.com%20\"\n                           class=\"bdt-member-icon elementor-repeater-item-c4a5dc9\"\n                           target=\"_blank\" data-bdt-tooltip=\"E-Posta\">\n\n                            <i aria-hidden=\"true\" class=\"fa-fw far fa-envelope\"><\/i>\n                        <\/a>\n\n                                    <\/div>\n            \n        <\/div>\n        \t\t<\/div>\n\t\t\t\t<\/div>\n\t\t\t\t\t<\/div>\n\t\t<\/div>\n\t\t\t\t<div class=\"elementor-column elementor-col-25 elementor-top-column elementor-element elementor-element-1bd649b\" data-id=\"1bd649b\" data-element_type=\"column\">\n\t\t\t<div class=\"elementor-widget-wrap\">\n\t\t\t\t\t\t\t<\/div>\n\t\t<\/div>\n\t\t\t\t\t<\/div>\n\t\t<\/section>\n\t\t\t\t<\/div>\n\t\t","protected":false},"excerpt":{"rendered":"<p>Sel\u00e7uk KUTTA\u015e Food and Beverage Trainings G\u00fcng\u00f6r YALAVA\u00c7 Technical Department Installation and Training Kutay BARLAS Information Technologies Installation and Training<\/p>\n","protected":false},"author":1,"featured_media":0,"parent":0,"menu_order":0,"comment_status":"closed","ping_status":"closed","template":"","meta":{"footnotes":""},"_links":{"self":[{"href":"https:\/\/turizoom.com\/en\/wp-json\/wp\/v2\/pages\/12608"}],"collection":[{"href":"https:\/\/turizoom.com\/en\/wp-json\/wp\/v2\/pages"}],"about":[{"href":"https:\/\/turizoom.com\/en\/wp-json\/wp\/v2\/types\/page"}],"author":[{"embeddable":true,"href":"https:\/\/turizoom.com\/en\/wp-json\/wp\/v2\/users\/1"}],"replies":[{"embeddable":true,"href":"https:\/\/turizoom.com\/en\/wp-json\/wp\/v2\/comments?post=12608"}],"version-history":[{"count":22,"href":"https:\/\/turizoom.com\/en\/wp-json\/wp\/v2\/pages\/12608\/revisions"}],"predecessor-version":[{"id":13304,"href":"https:\/\/turizoom.com\/en\/wp-json\/wp\/v2\/pages\/12608\/revisions\/13304"}],"wp:attachment":[{"href":"https:\/\/turizoom.com\/en\/wp-json\/wp\/v2\/media?parent=12608"}],"curies":[{"name":"wp","href":"https:\/\/api.w.org\/{rel}","templated":true}]}}