{"id":12251,"date":"2022-02-25T14:50:51","date_gmt":"2022-02-25T11:50:51","guid":{"rendered":"https:\/\/turizoom.com\/solution-partners\/"},"modified":"2022-08-04T15:02:06","modified_gmt":"2022-08-04T12:02:06","slug":"solution-partners","status":"publish","type":"page","link":"https:\/\/turizoom.com\/en\/solution-partners\/","title":{"rendered":"Solution Partners"},"content":{"rendered":"\t\t<div data-elementor-type=\"wp-page\" data-elementor-id=\"12251\" class=\"elementor elementor-12251 elementor-8470\">\n\t\t\t\t\t\t<section class=\"wd-negative-gap elementor-section elementor-top-section elementor-element elementor-element-719bfab elementor-section-boxed elementor-section-height-default elementor-section-height-default\" data-id=\"719bfab\" data-element_type=\"section\">\n\t\t\t\t\t\t<div class=\"elementor-container elementor-column-gap-default\">\n\t\t\t\t\t<div class=\"elementor-column elementor-col-100 elementor-top-column elementor-element elementor-element-551b995\" data-id=\"551b995\" data-element_type=\"column\">\n\t\t\t<div class=\"elementor-widget-wrap elementor-element-populated\">\n\t\t\t\t\t\t<div class=\"elementor-element elementor-element-144b058 elementor-widget elementor-widget-heading\" data-id=\"144b058\" data-element_type=\"widget\" data-widget_type=\"heading.default\">\n\t\t\t\t<div class=\"elementor-widget-container\">\n\t\t\t<style>\/*! elementor - v3.19.0 - 07-02-2024 *\/\n.elementor-heading-title{padding:0;margin:0;line-height:1}.elementor-widget-heading .elementor-heading-title[class*=elementor-size-]>a{color:inherit;font-size:inherit;line-height:inherit}.elementor-widget-heading .elementor-heading-title.elementor-size-small{font-size:15px}.elementor-widget-heading .elementor-heading-title.elementor-size-medium{font-size:19px}.elementor-widget-heading .elementor-heading-title.elementor-size-large{font-size:29px}.elementor-widget-heading .elementor-heading-title.elementor-size-xl{font-size:39px}.elementor-widget-heading .elementor-heading-title.elementor-size-xxl{font-size:59px}<\/style><h2 class=\"elementor-heading-title elementor-size-default\">Solution <b>Partners<\/b><\/h2>\t\t<\/div>\n\t\t\t\t<\/div>\n\t\t\t\t\t<\/div>\n\t\t<\/div>\n\t\t\t\t\t<\/div>\n\t\t<\/section>\n\t\t\t\t<section class=\"wd-negative-gap elementor-section elementor-top-section elementor-element elementor-element-40e2d92 elementor-section-boxed elementor-section-height-default elementor-section-height-default\" data-id=\"40e2d92\" data-element_type=\"section\">\n\t\t\t\t\t\t<div class=\"elementor-container elementor-column-gap-wide\">\n\t\t\t\t\t<div class=\"elementor-column elementor-col-25 elementor-top-column elementor-element elementor-element-9d90dc4\" data-id=\"9d90dc4\" data-element_type=\"column\">\n\t\t\t<div class=\"elementor-widget-wrap elementor-element-populated\">\n\t\t\t\t\t\t<div class=\"elementor-element elementor-element-a8b480e elementor-widget elementor-widget-bdt-member\" data-id=\"a8b480e\" data-element_type=\"widget\" data-settings=\"{&quot;ep_notation_active&quot;:&quot;yes&quot;,&quot;ep_notation_list&quot;:[{&quot;_id&quot;:&quot;480d554&quot;,&quot;ep_notation_type&quot;:&quot;bracket&quot;,&quot;ep_notation_bracket_on&quot;:&quot;left,right&quot;,&quot;ep_notation_color&quot;:&quot;#23408F&quot;,&quot;ep_notation_select_type&quot;:&quot;widget&quot;,&quot;ep_notation_custom_selector&quot;:null,&quot;ep_notation_anim_duration&quot;:{&quot;unit&quot;:&quot;px&quot;,&quot;size&quot;:800,&quot;sizes&quot;:[]},&quot;ep_notation_stroke_width&quot;:{&quot;unit&quot;:&quot;px&quot;,&quot;size&quot;:1,&quot;sizes&quot;:[]}}],&quot;ep_sound_effects_active&quot;:&quot;yes&quot;,&quot;ep_sound_effects_event&quot;:&quot;hover&quot;,&quot;ep_sound_effects_source&quot;:&quot;button-click&quot;,&quot;ep_sound_effects_select_type&quot;:&quot;widget&quot;,&quot;ep_sound_effects_source_local_link&quot;:&quot;https:\\\/\\\/turizoom.com\\\/wp-content\\\/plugins\\\/bdthemes-element-pack\\\/assets\\\/sounds\\\/&quot;}\" data-widget_type=\"bdt-member.default\">\n\t\t\t\t<div class=\"elementor-widget-container\">\n\t\t\t\n\n        <div class=\"bdt-member bdt-member-skin-default bdt-transition-toggle\">\n            \n                <div class=\"bdt-member-photo-wrapper bdt-image-mask\">\n\n                    \n                        <div class=\"bdt-member-photo\">\n                            <div class=\"\">\n                                <img decoding=\"async\" src=\"https:\/\/turizoom.com\/wp-content\/uploads\/2022\/02\/a-mimarlik-cozum-ortagi.png\" title=\"a-mimarlik-cozum-ortagi\" alt=\"a-mimarlik-cozum-ortagi\" loading=\"lazy\" \/>                            <\/div>\n                        <\/div>\n\n                        \n                <\/div>\n            \n            <div class=\"bdt-member-description\">\n                                    <span class=\"bdt-member-name\">A Mimarl\u0131k \u0130n\u015faat<\/span>\n                                                    <span class=\"bdt-member-role\">Hotel Architecture, Design, Project<\/span>\n                                            <\/div>\n\n                            <div class=\"bdt-member-icons\">\n                    \n                        \n                        <a href=\"mailto:merhaba@amimarlik.com.tr\"\n                           class=\"bdt-member-icon elementor-repeater-item-c4a5dc9\"\n                           target=\"_blank\" data-bdt-tooltip=\"E-Mail\">\n\n                            <i aria-hidden=\"true\" class=\"fa-fw far fa-envelope\"><\/i>\n                        <\/a>\n\n                    \n                        \n                        <a href=\"https:\/\/amimarlik.com.tr\/\" class=\"bdt-member-icon elementor-repeater-item-7c36860\" target=\"_blank\" data-bdt-tooltip=\"Web Site\" rel=\"noopener\">\n\n                            <i aria-hidden=\"true\" class=\"fa-fw fab fa-internet-explorer\"><\/i>\n                        <\/a>\n\n                                    <\/div>\n            \n        <\/div>\n        \t\t<\/div>\n\t\t\t\t<\/div>\n\t\t\t\t\t<\/div>\n\t\t<\/div>\n\t\t\t\t<div class=\"elementor-column elementor-col-25 elementor-top-column elementor-element elementor-element-232fec2\" data-id=\"232fec2\" data-element_type=\"column\">\n\t\t\t<div class=\"elementor-widget-wrap elementor-element-populated\">\n\t\t\t\t\t\t<div class=\"elementor-element elementor-element-0339551 elementor-widget elementor-widget-bdt-member\" data-id=\"0339551\" data-element_type=\"widget\" data-settings=\"{&quot;ep_notation_active&quot;:&quot;yes&quot;,&quot;ep_notation_list&quot;:[{&quot;_id&quot;:&quot;480d554&quot;,&quot;ep_notation_type&quot;:&quot;bracket&quot;,&quot;ep_notation_bracket_on&quot;:&quot;left,right&quot;,&quot;ep_notation_color&quot;:&quot;#23408F&quot;,&quot;ep_notation_select_type&quot;:&quot;widget&quot;,&quot;ep_notation_custom_selector&quot;:null,&quot;ep_notation_anim_duration&quot;:{&quot;unit&quot;:&quot;px&quot;,&quot;size&quot;:800,&quot;sizes&quot;:[]},&quot;ep_notation_stroke_width&quot;:{&quot;unit&quot;:&quot;px&quot;,&quot;size&quot;:1,&quot;sizes&quot;:[]}}],&quot;ep_sound_effects_active&quot;:&quot;yes&quot;,&quot;ep_sound_effects_event&quot;:&quot;hover&quot;,&quot;ep_sound_effects_source&quot;:&quot;button-click&quot;,&quot;ep_sound_effects_select_type&quot;:&quot;widget&quot;,&quot;ep_sound_effects_source_local_link&quot;:&quot;https:\\\/\\\/turizoom.com\\\/wp-content\\\/plugins\\\/bdthemes-element-pack\\\/assets\\\/sounds\\\/&quot;}\" data-widget_type=\"bdt-member.default\">\n\t\t\t\t<div class=\"elementor-widget-container\">\n\t\t\t\n\n        <div class=\"bdt-member bdt-member-skin-default bdt-transition-toggle\">\n            \n                <div class=\"bdt-member-photo-wrapper bdt-image-mask\">\n\n                    \n                        <div class=\"bdt-member-photo\">\n                            <div class=\"\">\n                                <img decoding=\"async\" src=\"https:\/\/turizoom.com\/wp-content\/uploads\/2022\/02\/berpel-cozum-ortagi.jpg\" title=\"berpel-cozum-ortagi\" alt=\"berpel-cozum-ortagi\" loading=\"lazy\" \/>                            <\/div>\n                        <\/div>\n\n                        \n                <\/div>\n            \n            <div class=\"bdt-member-description\">\n                                    <span class=\"bdt-member-name\">BerPel Digital Solutions<\/span>\n                                                    <span class=\"bdt-member-role\">CRM &amp; Digital Solutions<\/span>\n                                            <\/div>\n\n                            <div class=\"bdt-member-icons\">\n                    \n                        \n                        <a href=\"https:\/\/www.facebook.com\/profile.php?id=100077161914374\" class=\"bdt-member-icon elementor-repeater-item-d4d2b21\" target=\"_blank\" data-bdt-tooltip=\"Facebook\" rel=\"noopener\">\n\n                            <i aria-hidden=\"true\" class=\"fa-fw fab fa-facebook-f\"><\/i>\n                        <\/a>\n\n                    \n                        \n                        <a href=\"https:\/\/www.linkedin.com\/company\/berpel-digital-solutions\/\" class=\"bdt-member-icon elementor-repeater-item-879fe87\" target=\"_blank\" data-bdt-tooltip=\"Linkedin\" rel=\"noopener\">\n\n                            <i aria-hidden=\"true\" class=\"fa-fw fab fa-linkedin-in\"><\/i>\n                        <\/a>\n\n                    \n                        \n                        <a href=\"https:\/\/www.instagram.com\/berpeldigital\/\" class=\"bdt-member-icon elementor-repeater-item-9b6e0d9\" target=\"_blank\" data-bdt-tooltip=\"Instagram\" rel=\"noopener\">\n\n                            <i aria-hidden=\"true\" class=\"fa-fw fab fa-instagram\"><\/i>\n                        <\/a>\n\n                    \n                        \n                        <a href=\"mailto:info@berpel.com\"\n                           class=\"bdt-member-icon elementor-repeater-item-c4a5dc9\"\n                           target=\"_blank\" data-bdt-tooltip=\"E-Mail\">\n\n                            <i aria-hidden=\"true\" class=\"fa-fw far fa-envelope\"><\/i>\n                        <\/a>\n\n                    \n                        \n                        <a href=\"https:\/\/berpel.com\" class=\"bdt-member-icon elementor-repeater-item-3f5f77a\" target=\"_blank\" data-bdt-tooltip=\"Web Site\" rel=\"noopener\">\n\n                            <i aria-hidden=\"true\" class=\"fa-fw fab fa-internet-explorer\"><\/i>\n                        <\/a>\n\n                                    <\/div>\n            \n        <\/div>\n        \t\t<\/div>\n\t\t\t\t<\/div>\n\t\t\t\t\t<\/div>\n\t\t<\/div>\n\t\t\t\t<div class=\"elementor-column elementor-col-25 elementor-top-column elementor-element elementor-element-260ad80\" data-id=\"260ad80\" data-element_type=\"column\">\n\t\t\t<div class=\"elementor-widget-wrap elementor-element-populated\">\n\t\t\t\t\t\t<div class=\"elementor-element elementor-element-51fdaae elementor-widget elementor-widget-bdt-member\" data-id=\"51fdaae\" data-element_type=\"widget\" data-settings=\"{&quot;ep_notation_active&quot;:&quot;yes&quot;,&quot;ep_notation_list&quot;:[{&quot;_id&quot;:&quot;480d554&quot;,&quot;ep_notation_type&quot;:&quot;bracket&quot;,&quot;ep_notation_bracket_on&quot;:&quot;left,right&quot;,&quot;ep_notation_color&quot;:&quot;#23408F&quot;,&quot;ep_notation_select_type&quot;:&quot;widget&quot;,&quot;ep_notation_custom_selector&quot;:null,&quot;ep_notation_anim_duration&quot;:{&quot;unit&quot;:&quot;px&quot;,&quot;size&quot;:800,&quot;sizes&quot;:[]},&quot;ep_notation_stroke_width&quot;:{&quot;unit&quot;:&quot;px&quot;,&quot;size&quot;:1,&quot;sizes&quot;:[]}}],&quot;ep_sound_effects_active&quot;:&quot;yes&quot;,&quot;ep_sound_effects_event&quot;:&quot;hover&quot;,&quot;ep_sound_effects_source&quot;:&quot;button-click&quot;,&quot;ep_sound_effects_select_type&quot;:&quot;widget&quot;,&quot;ep_sound_effects_source_local_link&quot;:&quot;https:\\\/\\\/turizoom.com\\\/wp-content\\\/plugins\\\/bdthemes-element-pack\\\/assets\\\/sounds\\\/&quot;}\" data-widget_type=\"bdt-member.default\">\n\t\t\t\t<div class=\"elementor-widget-container\">\n\t\t\t\n\n        <div class=\"bdt-member bdt-member-skin-default bdt-transition-toggle\">\n            \n                <div class=\"bdt-member-photo-wrapper bdt-image-mask\">\n\n                    \n                        <div class=\"bdt-member-photo\">\n                            <div class=\"\">\n                                <img decoding=\"async\" src=\"https:\/\/turizoom.com\/wp-content\/uploads\/2022\/08\/ayhan-muhendislik-cozum-ortagi.jpg\" title=\"ayhan-muhendislik-cozum-ortagi\" alt=\"ayhan-muhendislik-cozum-ortagi\" loading=\"lazy\" \/>                            <\/div>\n                        <\/div>\n\n                        \n                <\/div>\n            \n            <div class=\"bdt-member-description\">\n                                    <span class=\"bdt-member-name\">Ayhan M\u00fchendislik <\/span>\n                                                    <span class=\"bdt-member-role\">Electricity, Project and Construction<\/span>\n                                            <\/div>\n\n                            <div class=\"bdt-member-icons\">\n                    \n                        \n                        <a href=\"https:\/\/www.facebook.com\/ayhanmuhendislik1\/\" class=\"bdt-member-icon elementor-repeater-item-d4d2b21\" target=\"_blank\" data-bdt-tooltip=\"Facebook\" rel=\"noopener\">\n\n                            <i aria-hidden=\"true\" class=\"fa-fw fab fa-facebook-f\"><\/i>\n                        <\/a>\n\n                    \n                        \n                        <a href=\"https:\/\/twitter.com\/ayhanmhdslk\" class=\"bdt-member-icon elementor-repeater-item-6f8a5c3\" target=\"_blank\" data-bdt-tooltip=\"Twitter\" rel=\"noopener\">\n\n                            <i aria-hidden=\"true\" class=\"fa-fw fab fa-twitter\"><\/i>\n                        <\/a>\n\n                    \n                        \n                        <a href=\"https:\/\/www.linkedin.com\/company\/ayhan-m%C3%BChendislik\/\" class=\"bdt-member-icon elementor-repeater-item-879fe87\" target=\"_blank\" data-bdt-tooltip=\"Linkedin\" rel=\"noopener\">\n\n                            <i aria-hidden=\"true\" class=\"fa-fw fab fa-linkedin-in\"><\/i>\n                        <\/a>\n\n                    \n                        \n                        <a href=\"https:\/\/www.instagram.com\/ayhan_muhendislik\/\" class=\"bdt-member-icon elementor-repeater-item-9b6e0d9\" target=\"_blank\" data-bdt-tooltip=\"Instagram\" rel=\"noopener\">\n\n                            <i aria-hidden=\"true\" class=\"fa-fw fab fa-instagram\"><\/i>\n                        <\/a>\n\n                    \n                        \n                        <a href=\"mailto:info@ayhanmuhendislik.com.tr\"\n                           class=\"bdt-member-icon elementor-repeater-item-c4a5dc9\"\n                           target=\"_blank\" data-bdt-tooltip=\"E-Mail\">\n\n                            <i aria-hidden=\"true\" class=\"fa-fw far fa-envelope\"><\/i>\n                        <\/a>\n\n                    \n                        \n                        <a href=\"https:\/\/ayhanmuhendislik.com.tr\/\" class=\"bdt-member-icon elementor-repeater-item-b4f8c1c\" target=\"_blank\" data-bdt-tooltip=\"Web Site\" rel=\"noopener\">\n\n                            <i aria-hidden=\"true\" class=\"fa-fw fab fa-internet-explorer\"><\/i>\n                        <\/a>\n\n                                    <\/div>\n            \n        <\/div>\n        \t\t<\/div>\n\t\t\t\t<\/div>\n\t\t\t\t\t<\/div>\n\t\t<\/div>\n\t\t\t\t<div class=\"elementor-column elementor-col-25 elementor-top-column elementor-element elementor-element-3c93ba9\" data-id=\"3c93ba9\" data-element_type=\"column\">\n\t\t\t<div class=\"elementor-widget-wrap elementor-element-populated\">\n\t\t\t\t\t\t<div class=\"elementor-element elementor-element-37fe66b elementor-widget elementor-widget-wd_image_or_svg\" data-id=\"37fe66b\" data-element_type=\"widget\" data-widget_type=\"wd_image_or_svg.default\">\n\t\t\t\t<div class=\"elementor-widget-container\">\n\t\t\t\n\t\t<div class=\"wd-image text-left\">\n\t\t\t\t\t\t\t\t<img fetchpriority=\"high\" decoding=\"async\" width=\"717\" height=\"433\" src=\"https:\/\/turizoom.com\/wp-content\/uploads\/2022\/02\/turizoom-kurumsal.png\" class=\"attachment-full size-full\" alt=\"\" srcset=\"https:\/\/turizoom.com\/wp-content\/uploads\/2022\/02\/turizoom-kurumsal.png 717w, https:\/\/turizoom.com\/wp-content\/uploads\/2022\/02\/turizoom-kurumsal-400x242.png 400w\" sizes=\"(max-width: 717px) 100vw, 717px\" \/>\t\t\t\t\t<\/div>\n\n\t\t\t\t<\/div>\n\t\t\t\t<\/div>\n\t\t\t\t\t<\/div>\n\t\t<\/div>\n\t\t\t\t\t<\/div>\n\t\t<\/section>\n\t\t\t\t<\/div>\n\t\t","protected":false},"excerpt":{"rendered":"<p>Solution Partners A Mimarl\u0131k \u0130n\u015faat Hotel Architecture, Design, Project BerPel Digital Solutions CRM &amp; Digital Solutions Ayhan M\u00fchendislik Electricity, Project<\/p>\n","protected":false},"author":1,"featured_media":0,"parent":0,"menu_order":0,"comment_status":"closed","ping_status":"closed","template":"","meta":{"footnotes":""},"_links":{"self":[{"href":"https:\/\/turizoom.com\/en\/wp-json\/wp\/v2\/pages\/12251"}],"collection":[{"href":"https:\/\/turizoom.com\/en\/wp-json\/wp\/v2\/pages"}],"about":[{"href":"https:\/\/turizoom.com\/en\/wp-json\/wp\/v2\/types\/page"}],"author":[{"embeddable":true,"href":"https:\/\/turizoom.com\/en\/wp-json\/wp\/v2\/users\/1"}],"replies":[{"embeddable":true,"href":"https:\/\/turizoom.com\/en\/wp-json\/wp\/v2\/comments?post=12251"}],"version-history":[{"count":12,"href":"https:\/\/turizoom.com\/en\/wp-json\/wp\/v2\/pages\/12251\/revisions"}],"predecessor-version":[{"id":13354,"href":"https:\/\/turizoom.com\/en\/wp-json\/wp\/v2\/pages\/12251\/revisions\/13354"}],"wp:attachment":[{"href":"https:\/\/turizoom.com\/en\/wp-json\/wp\/v2\/media?parent=12251"}],"curies":[{"name":"wp","href":"https:\/\/api.w.org\/{rel}","templated":true}]}}