{"id":12243,"date":"2022-02-25T14:50:39","date_gmt":"2022-02-25T11:50:39","guid":{"rendered":"https:\/\/turizoom.com\/awards-and-certificates\/"},"modified":"2022-03-03T00:37:32","modified_gmt":"2022-03-02T21:37:32","slug":"awards-and-certificates","status":"publish","type":"page","link":"https:\/\/turizoom.com\/en\/awards-and-certificates\/","title":{"rendered":"Awards and Certificates"},"content":{"rendered":"\t\t<div data-elementor-type=\"wp-page\" data-elementor-id=\"12243\" class=\"elementor elementor-12243 elementor-8475\">\n\t\t\t\t\t\t<section class=\"wd-negative-gap elementor-section elementor-top-section elementor-element elementor-element-dfd0bde elementor-section-boxed elementor-section-height-default elementor-section-height-default\" data-id=\"dfd0bde\" data-element_type=\"section\">\n\t\t\t\t\t\t<div class=\"elementor-container elementor-column-gap-default\">\n\t\t\t\t\t<div class=\"elementor-column elementor-col-100 elementor-top-column elementor-element elementor-element-2898028\" data-id=\"2898028\" data-element_type=\"column\">\n\t\t\t<div class=\"elementor-widget-wrap elementor-element-populated\">\n\t\t\t\t\t\t<div class=\"elementor-element elementor-element-3e27e65 elementor-widget elementor-widget-wd_list\" data-id=\"3e27e65\" data-element_type=\"widget\" data-widget_type=\"wd_list.default\">\n\t\t\t\t<div class=\"elementor-widget-container\">\n\t\t\t\t\t\t<link rel=\"stylesheet\" id=\"wd-list-css\" href=\"https:\/\/turizoom.com\/wp-content\/themes\/woodmart\/css\/parts\/el-list.min.css?ver=7.4.3\" type=\"text\/css\" media=\"all\" \/> \t\t\t\t\t<ul class=\"wd-list color-scheme- wd-fontsize-xs wd-list-type-icon wd-list-style-default wd-justify-left\">\n\t\t\t\t\t\t\t\t\t\t\t<li class=\"elementor-repeater-item-09756d6\">\n\t\t\t\t\t\t\t\t\t\t\t<span class=\"list-icon wd-icon fas fa-star\"><\/span>\t\t\t\t\t\n\t\t\t\t\t<span class=\"list-content\">\n\t\t\t\t\t\tHonor Certificate \u2013 \u201cRecogn\u0131t\u0131on Of Quality Cul\u0131nary Edication\u201d\t\t\t\t\t<\/span>\n\n\t\t\t\t\t\t\t\t\t<\/li>\n\t\t\t\t\t\t\t\t\t\t\t<li class=\"elementor-repeater-item-612016a\">\n\t\t\t\t\t\t\t\t\t\t\t<span class=\"list-icon wd-icon fas fa-star\"><\/span>\t\t\t\t\t\n\t\t\t\t\t<span class=\"list-content\">\n\t\t\t\t\t\tEurope\u2019s Leading Hotel & Spa \u2013 \u201cWorld Travel Awards \u201c\t\t\t\t\t<\/span>\n\n\t\t\t\t\t\t\t\t\t<\/li>\n\t\t\t\t\t\t\t\t\t\t\t<li class=\"elementor-repeater-item-a2e23f9\">\n\t\t\t\t\t\t\t\t\t\t\t<span class=\"list-icon wd-icon fas fa-star\"><\/span>\t\t\t\t\t\n\t\t\t\t\t<span class=\"list-content\">\n\t\t\t\t\t\tTurkey\u2019s Leading Hotel & Spa \u2013 \u201cWorld Travel Awards \u201c\t\t\t\t\t<\/span>\n\n\t\t\t\t\t\t\t\t\t<\/li>\n\t\t\t\t\t\t\t\t\t\t\t<li class=\"elementor-repeater-item-15b9bc4\">\n\t\t\t\t\t\t\t\t\t\t\t<span class=\"list-icon wd-icon fas fa-star\"><\/span>\t\t\t\t\t\n\t\t\t\t\t<span class=\"list-content\">\n\t\t\t\t\t\tTurkey\u2019s Leading MICE Hotel \u2013 \u201cWorld Travel Awards\u201d\t\t\t\t\t<\/span>\n\n\t\t\t\t\t\t\t\t\t<\/li>\n\t\t\t\t\t\t\t\t\t\t\t<li class=\"elementor-repeater-item-d5b8e53\">\n\t\t\t\t\t\t\t\t\t\t\t<span class=\"list-icon wd-icon fas fa-star\"><\/span>\t\t\t\t\t\n\t\t\t\t\t<span class=\"list-content\">\n\t\t\t\t\t\tCertificate of Appreciation \u2013 \u201dEastern Mediterranean International Tourism and Travel Exhibition\u201c\t\t\t\t\t<\/span>\n\n\t\t\t\t\t\t\t\t\t<\/li>\n\t\t\t\t\t\t\t\t\t\t\t<li class=\"elementor-repeater-item-b082a8e\">\n\t\t\t\t\t\t\t\t\t\t\t<span class=\"list-icon wd-icon fas fa-star\"><\/span>\t\t\t\t\t\n\t\t\t\t\t<span class=\"list-content\">\n\t\t\t\t\t\tTurkey Tourism Senior Executives Award \u2013 \u201cCukurova Tourism Awards\u201d\t\t\t\t\t<\/span>\n\n\t\t\t\t\t\t\t\t\t<\/li>\n\t\t\t\t\t\t\t\t\t\t\t<li class=\"elementor-repeater-item-c8d8515\">\n\t\t\t\t\t\t\t\t\t\t\t<span class=\"list-icon wd-icon fas fa-star\"><\/span>\t\t\t\t\t\n\t\t\t\t\t<span class=\"list-content\">\n\t\t\t\t\t\tSenior Executives Award \u2013 \u201cMinistry of Industry and Foreign Trade\u201c\t\t\t\t\t<\/span>\n\n\t\t\t\t\t\t\t\t\t<\/li>\n\t\t\t\t\t\t\t\t\t\t\t<li class=\"elementor-repeater-item-c3aad97\">\n\t\t\t\t\t\t\t\t\t\t\t<span class=\"list-icon wd-icon fas fa-star\"><\/span>\t\t\t\t\t\n\t\t\t\t\t<span class=\"list-content\">\n\t\t\t\t\t\tCertificate of Appreciation \u2013 \u201cDE\u0130K\u201c\t\t\t\t\t<\/span>\n\n\t\t\t\t\t\t\t\t\t<\/li>\n\t\t\t\t\t\t\t\t\t\t\t<li class=\"elementor-repeater-item-8baf0d0\">\n\t\t\t\t\t\t\t\t\t\t\t<span class=\"list-icon wd-icon fas fa-star\"><\/span>\t\t\t\t\t\n\t\t\t\t\t<span class=\"list-content\">\n\t\t\t\t\t\tUnited Nations World Tourism Organization (UNWTO) Tourism Cities Global Summit\t\t\t\t\t<\/span>\n\n\t\t\t\t\t\t\t\t\t<\/li>\n\t\t\t\t\t<\/ul>\n\n\t\t\t\t<\/div>\n\t\t\t\t<\/div>\n\t\t\t\t<div class=\"elementor-element elementor-element-bc9c46e elementor-widget elementor-widget-bdt-advanced-image-gallery\" data-id=\"bc9c46e\" data-element_type=\"widget\" data-widget_type=\"bdt-advanced-image-gallery.default\">\n\t\t\t\t<div class=\"elementor-widget-container\">\n\t\t\t<br \/>\n<b>Warning<\/b>:  Undefined array key \"columns_mobile\" in <b>\/var\/www\/vhosts\/turizoom.com\/httpdocs\/wp-content\/plugins\/bdthemes-element-pack\/modules\/advanced-image-gallery\/widgets\/advanced-image-gallery.php<\/b> on line <b>1868<\/b><br \/>\n<br \/>\n<b>Warning<\/b>:  Undefined array key \"columns_tablet\" in <b>\/var\/www\/vhosts\/turizoom.com\/httpdocs\/wp-content\/plugins\/bdthemes-element-pack\/modules\/advanced-image-gallery\/widgets\/advanced-image-gallery.php<\/b> on line <b>1869<\/b><br \/>\n\t\t<div id=\"bdt-avdg-bc9c46e\" class=\"bdt-advanced-image-gallery bdt-skin-default bdt-grid bdt-grid-small bdt-child-width-1- bdt-child-width-1-@s bdt-child-width-1-4@m\" data-bdt-grid=\"\" data-bdt-lightbox=\"animation: slide;\" data-settings=\"{&quot;id&quot;:&quot;#bdt-avdg-bc9c46e&quot;,&quot;tiltShow&quot;:false}\">\n\t\t\n\t\t\t<div class=\"bdt-gallery-item bdt-transition-toggle\">\n\t\t\t\t<div class=\"bdt-advanced-image-gallery-inner bdt-image-mask\">\n\t\t\t\t\t<div class=\"bdt-gallery-thumbnail bdt-transition-toggle\">\n\t\t\t<img decoding=\"async\"  src=\"https:\/\/turizoom.com\/wp-content\/uploads\/2022\/02\/turizoom-sertifika-1.jpg\" alt=\"turizoom-sertifika-1\" class=\"jgalleryImage\">\n\t\t<\/div>\t\t<div class=\"bdt-position-cover bdt-overlay bdt-overlay-default bdt-transition-fade\">\n\t\t\t<div class=\"bdt-advanced-image-gallery-content\">\n\t\t\t\t<div class=\"bdt-advanced-image-gallery-content-inner\">\n\n\t\t\t\t\t\t\t\t\t\t\t\t\t\t\t\t<div class=\"bdt-flex-inline bdt-gallery-item-link-wrapper\">\n\t\t\t\t\t\t\t<a class=\"bdt-gallery-item-link elementor-clickable icon-type-icon\" data-elementor-open-lightbox=\"no\" data-caption=\"\" href=\"https:\/\/turizoom.com\/wp-content\/uploads\/2022\/02\/turizoom-sertifika-1.jpg\">\n\t\t\t\t\t\t\t\t\n\t\t\t\t\t\t\t\t\t\t\t\t\t\t\t\t\t\t\t<span>\n\t\t\t\t\t\t\t\t\t\t\t<i class=\"ep-icon-plus-2\"><\/i>\n\t\t\t\t\t\t\t\t\t\t<\/span>\n\t\t\t\t\t\t\t\t\t\n\t\t\t\t\t\t\t\t\t\t\t\t\t\t\t<\/a>\n\t\t\t\t\t\t<\/div>\n\t\t\t\t\t\n\t\t\t\t\t\t\t\t\t<\/div>\n\t\t\t<\/div>\n\t\t<\/div>\n\t\t\t\t\t\t<\/div>\n\t\t\t\t\t\t\t<\/div>\n\n\t\t\n\t\t\t<div class=\"bdt-gallery-item bdt-transition-toggle\">\n\t\t\t\t<div class=\"bdt-advanced-image-gallery-inner bdt-image-mask\">\n\t\t\t\t\t<div class=\"bdt-gallery-thumbnail bdt-transition-toggle\">\n\t\t\t<img decoding=\"async\"  src=\"https:\/\/turizoom.com\/wp-content\/uploads\/2022\/02\/turizoom-sertifika-2.jpg\" alt=\"turizoom-sertifika-2\" class=\"jgalleryImage\">\n\t\t<\/div>\t\t<div class=\"bdt-position-cover bdt-overlay bdt-overlay-default bdt-transition-fade\">\n\t\t\t<div class=\"bdt-advanced-image-gallery-content\">\n\t\t\t\t<div class=\"bdt-advanced-image-gallery-content-inner\">\n\n\t\t\t\t\t\t\t\t\t\t\t\t\t\t\t\t<div class=\"bdt-flex-inline bdt-gallery-item-link-wrapper\">\n\t\t\t\t\t\t\t<a class=\"bdt-gallery-item-link elementor-clickable icon-type-icon\" data-elementor-open-lightbox=\"no\" data-caption=\"\" href=\"https:\/\/turizoom.com\/wp-content\/uploads\/2022\/02\/turizoom-sertifika-2.jpg\">\n\t\t\t\t\t\t\t\t\n\t\t\t\t\t\t\t\t\t\t\t\t\t\t\t\t\t\t\t<span>\n\t\t\t\t\t\t\t\t\t\t\t<i class=\"ep-icon-plus-2\"><\/i>\n\t\t\t\t\t\t\t\t\t\t<\/span>\n\t\t\t\t\t\t\t\t\t\n\t\t\t\t\t\t\t\t\t\t\t\t\t\t\t<\/a>\n\t\t\t\t\t\t<\/div>\n\t\t\t\t\t\n\t\t\t\t\t\t\t\t\t<\/div>\n\t\t\t<\/div>\n\t\t<\/div>\n\t\t\t\t\t\t<\/div>\n\t\t\t\t\t\t\t<\/div>\n\n\t\t\n\t\t\t<div class=\"bdt-gallery-item bdt-transition-toggle\">\n\t\t\t\t<div class=\"bdt-advanced-image-gallery-inner bdt-image-mask\">\n\t\t\t\t\t<div class=\"bdt-gallery-thumbnail bdt-transition-toggle\">\n\t\t\t<img decoding=\"async\"  src=\"https:\/\/turizoom.com\/wp-content\/uploads\/2022\/02\/turizoom-sertifika-3.jpg\" alt=\"turizoom-sertifika-3\" class=\"jgalleryImage\">\n\t\t<\/div>\t\t<div class=\"bdt-position-cover bdt-overlay bdt-overlay-default bdt-transition-fade\">\n\t\t\t<div class=\"bdt-advanced-image-gallery-content\">\n\t\t\t\t<div class=\"bdt-advanced-image-gallery-content-inner\">\n\n\t\t\t\t\t\t\t\t\t\t\t\t\t\t\t\t<div class=\"bdt-flex-inline bdt-gallery-item-link-wrapper\">\n\t\t\t\t\t\t\t<a class=\"bdt-gallery-item-link elementor-clickable icon-type-icon\" data-elementor-open-lightbox=\"no\" data-caption=\"\" href=\"https:\/\/turizoom.com\/wp-content\/uploads\/2022\/02\/turizoom-sertifika-3.jpg\">\n\t\t\t\t\t\t\t\t\n\t\t\t\t\t\t\t\t\t\t\t\t\t\t\t\t\t\t\t<span>\n\t\t\t\t\t\t\t\t\t\t\t<i class=\"ep-icon-plus-2\"><\/i>\n\t\t\t\t\t\t\t\t\t\t<\/span>\n\t\t\t\t\t\t\t\t\t\n\t\t\t\t\t\t\t\t\t\t\t\t\t\t\t<\/a>\n\t\t\t\t\t\t<\/div>\n\t\t\t\t\t\n\t\t\t\t\t\t\t\t\t<\/div>\n\t\t\t<\/div>\n\t\t<\/div>\n\t\t\t\t\t\t<\/div>\n\t\t\t\t\t\t\t<\/div>\n\n\t\t\n\t\t\t<div class=\"bdt-gallery-item bdt-transition-toggle\">\n\t\t\t\t<div class=\"bdt-advanced-image-gallery-inner bdt-image-mask\">\n\t\t\t\t\t<div class=\"bdt-gallery-thumbnail bdt-transition-toggle\">\n\t\t\t<img decoding=\"async\"  src=\"https:\/\/turizoom.com\/wp-content\/uploads\/2022\/03\/turizoom-sertifika-.jpg\" alt=\"turizoom-sertifika-\" class=\"jgalleryImage\">\n\t\t<\/div>\t\t<div class=\"bdt-position-cover bdt-overlay bdt-overlay-default bdt-transition-fade\">\n\t\t\t<div class=\"bdt-advanced-image-gallery-content\">\n\t\t\t\t<div class=\"bdt-advanced-image-gallery-content-inner\">\n\n\t\t\t\t\t\t\t\t\t\t\t\t\t\t\t\t<div class=\"bdt-flex-inline bdt-gallery-item-link-wrapper\">\n\t\t\t\t\t\t\t<a class=\"bdt-gallery-item-link elementor-clickable icon-type-icon\" data-elementor-open-lightbox=\"no\" data-caption=\"\" href=\"https:\/\/turizoom.com\/wp-content\/uploads\/2022\/03\/turizoom-sertifika-.jpg\">\n\t\t\t\t\t\t\t\t\n\t\t\t\t\t\t\t\t\t\t\t\t\t\t\t\t\t\t\t<span>\n\t\t\t\t\t\t\t\t\t\t\t<i class=\"ep-icon-plus-2\"><\/i>\n\t\t\t\t\t\t\t\t\t\t<\/span>\n\t\t\t\t\t\t\t\t\t\n\t\t\t\t\t\t\t\t\t\t\t\t\t\t\t<\/a>\n\t\t\t\t\t\t<\/div>\n\t\t\t\t\t\n\t\t\t\t\t\t\t\t\t<\/div>\n\t\t\t<\/div>\n\t\t<\/div>\n\t\t\t\t\t\t<\/div>\n\t\t\t\t\t\t\t<\/div>\n\n\t\t\t\t<\/div>\n\t\t\t\t<\/div>\n\t\t\t\t<\/div>\n\t\t\t\t\t<\/div>\n\t\t<\/div>\n\t\t\t\t\t<\/div>\n\t\t<\/section>\n\t\t\t\t<\/div>\n\t\t","protected":false},"excerpt":{"rendered":"<p>Honor Certificate \u2013 \u201cRecogn\u0131t\u0131on Of Quality Cul\u0131nary Edication\u201d Europe\u2019s Leading Hotel &#038; Spa \u2013 \u201cWorld Travel Awards \u201c Turkey\u2019s Leading<\/p>\n","protected":false},"author":1,"featured_media":0,"parent":0,"menu_order":0,"comment_status":"closed","ping_status":"closed","template":"","meta":{"footnotes":""},"_links":{"self":[{"href":"https:\/\/turizoom.com\/en\/wp-json\/wp\/v2\/pages\/12243"}],"collection":[{"href":"https:\/\/turizoom.com\/en\/wp-json\/wp\/v2\/pages"}],"about":[{"href":"https:\/\/turizoom.com\/en\/wp-json\/wp\/v2\/types\/page"}],"author":[{"embeddable":true,"href":"https:\/\/turizoom.com\/en\/wp-json\/wp\/v2\/users\/1"}],"replies":[{"embeddable":true,"href":"https:\/\/turizoom.com\/en\/wp-json\/wp\/v2\/comments?post=12243"}],"version-history":[{"count":5,"href":"https:\/\/turizoom.com\/en\/wp-json\/wp\/v2\/pages\/12243\/revisions"}],"predecessor-version":[{"id":12250,"href":"https:\/\/turizoom.com\/en\/wp-json\/wp\/v2\/pages\/12243\/revisions\/12250"}],"wp:attachment":[{"href":"https:\/\/turizoom.com\/en\/wp-json\/wp\/v2\/media?parent=12243"}],"curies":[{"name":"wp","href":"https:\/\/api.w.org\/{rel}","templated":true}]}}